{"id":899,"date":"2020-02-26T20:11:43","date_gmt":"2020-02-26T20:11:43","guid":{"rendered":"https:\/\/www.luzdegestionymedioambiente.com\/?page_id=899"},"modified":"2020-04-03T17:58:09","modified_gmt":"2020-04-03T17:58:09","slug":"politica-de-privacidad","status":"publish","type":"page","link":"https:\/\/www.luzdegestionymedioambiente.com\/?page_id=899","title":{"rendered":"Pol\u00edtica de privacidad"},"content":{"rendered":"<p>[vc_row][vc_column][vc_column_text]<\/p>\n<h2><strong>1.Protecci\u00f3n de Datos de Car\u00e1cter Personal<\/strong><\/h2>\n<p><strong>LUZ DE GESTI\u00d3N Y MEDIOAMBIENTE<\/strong>\u00a0respeta la privacidad de las personas usuarias y el secreto y seguridad de los datos personales, de conformidad con lo establecido en la legislaci\u00f3n aplicable en materia de protecci\u00f3n de datos, en concreto, el Reglamento 2016\/679 del Parlamento Europeo y del Consejo de 27 de abril de 2016, y su normativa de desarrollo, habiendo adoptado para ello las medidas t\u00e9cnicas y organizativas necesarias para evitar la p\u00e9rdida, mal uso, alteraci\u00f3n, acceso no autorizado y robo de los datos personales facilitados, habida cuenta del estado de la tecnolog\u00eda, la naturaleza de los datos y los riesgos a los que est\u00e1n expuestos.<\/p>\n<p>En los supuestos en los que para acceder a alguna de los servicios ofrecidos en esta web sea precisa la aportaci\u00f3n de datos de car\u00e1cter personal, el tratamiento de estos datos se basar\u00e1 en el consentimiento de la persona interesada, a trav\u00e9s de la aceptaci\u00f3n de este aviso legal y pol\u00edtica de privacidad.<\/p>\n<p>Los datos personales s\u00f3lo se tratar\u00e1n con la finalidad de prestarle el servicio solicitado, y no ser\u00e1n en ning\u00fan caso cedidos a terceros, salvo por obligaci\u00f3n legal.<\/p>\n<p>Dichos datos personales ser\u00e1n conservados durante el tiempo que dure la relaci\u00f3n que vincule a la persona usuaria con\u00a0<strong>LUZ DE GESTI\u00d3N Y MEDIOAMBIENTE<\/strong>, y en cualquier caso en los plazos establecidos para dar cumplimiento a las obligaciones legales derivadas de dicha relaci\u00f3n.<\/p>\n<p>La pol\u00edtica de privacidad de <strong>LUZ DE GESTI\u00d3N Y MEDIOAMBIENTE<\/strong> garantiza a la persona usuaria en todo caso la posibilidad de ejercitar sus derechos: el acceso a los datos personales relativos a la persona interesada, y su rectificaci\u00f3n o supresi\u00f3n, o la limitaci\u00f3n de su tratamiento, el derecho a la portabilidad de los datos, o a oponerse al tratamiento, pudiendo ejercitar dichos derechos por correo ordinario dirigido a <strong>LUZ DE GESTI\u00d3N Y MEDIOAMBIENTE<\/strong>, P\u00ba Independencia 24-26 5\u00ba, 14, 50004 \u00a0Zaragoza, por e-mail: contacto@luzgma.como bien ante la Agencia Espa\u00f1ola de Protecci\u00f3n de Datos.<\/p>\n<p>En el caso de que nos facilite sus datos personales, al aceptar este aviso legal y pol\u00edtica de privacidad, la persona usuaria est\u00e1 prestando el consentimiento para que los mismos sean utilizados seg\u00fan los t\u00e9rminos aqu\u00ed establecidos.<\/p>\n<h2><strong>2.Ley aplicable y jurisdicci\u00f3n<\/strong><\/h2>\n<p>La utilizaci\u00f3n de esta p\u00e1gina web se rige por la ley espa\u00f1ola y de la Uni\u00f3n Europea. Cualquier disputa que pueda surgir en la interpretaci\u00f3n de estas condiciones se resolver\u00e1 en los tribunales del lugar donde tenga fijada su residencia la persona usuaria.<\/p>\n<h2><strong>3.Env\u00edo de comunicaciones<\/strong><\/h2>\n<p>La suscripci\u00f3n a nuestros boletines electr\u00f3nicos o comunicaciones por SMS, correo electr\u00f3nico o mediante cualquier otro medio de comunicaci\u00f3n electr\u00f3nica equivalente es totalmente gratuita y cuenta siempre con la autorizaci\u00f3n previa del usuario\/a.<\/p>\n<p>En cumplimiento de lo dispuesto en la Ley 34\/2002 de 11 de julio, de Servicios de Sociedad de la Informaci\u00f3n y de Comercio Electr\u00f3nico los usuarios y usuarias podr\u00e1n revocar el consentimiento prestado a la recepci\u00f3n de estas comunicaciones en cualquier momento a trav\u00e9s de un enlace incluido en la propia comunicaci\u00f3n o comunic\u00e1ndolo por correo electr\u00f3nico a:<\/p>\n<p>contacto@luzgma.com[\/vc_column_text][\/vc_column][\/vc_row]<\/p>\n","protected":false},"excerpt":{"rendered":"<p>[vc_row][vc_column][vc_column_text] 1.Protecci\u00f3n de Datos de Car\u00e1cter Personal LUZ DE GESTI\u00d3N Y MEDIOAMBIENTE\u00a0respeta la privacidad de las personas usuarias y el secreto y seguridad de los&#8230;<\/p>\n<p class=\"readmore\"><a class=\"more-btn\" href=\"https:\/\/www.luzdegestionymedioambiente.com\/?page_id=899\">Read More<\/a><\/p>\n","protected":false},"author":21,"featured_media":0,"parent":0,"menu_order":0,"comment_status":"closed","ping_status":"closed","template":"","meta":[],"_links":{"self":[{"href":"https:\/\/www.luzdegestionymedioambiente.com\/index.php?rest_route=\/wp\/v2\/pages\/899"}],"collection":[{"href":"https:\/\/www.luzdegestionymedioambiente.com\/index.php?rest_route=\/wp\/v2\/pages"}],"about":[{"href":"https:\/\/www.luzdegestionymedioambiente.com\/index.php?rest_route=\/wp\/v2\/types\/page"}],"author":[{"embeddable":true,"href":"https:\/\/www.luzdegestionymedioambiente.com\/index.php?rest_route=\/wp\/v2\/users\/21"}],"replies":[{"embeddable":true,"href":"https:\/\/www.luzdegestionymedioambiente.com\/index.php?rest_route=%2Fwp%2Fv2%2Fcomments&post=899"}],"version-history":[{"count":4,"href":"https:\/\/www.luzdegestionymedioambiente.com\/index.php?rest_route=\/wp\/v2\/pages\/899\/revisions"}],"predecessor-version":[{"id":909,"href":"https:\/\/www.luzdegestionymedioambiente.com\/index.php?rest_route=\/wp\/v2\/pages\/899\/revisions\/909"}],"wp:attachment":[{"href":"https:\/\/www.luzdegestionymedioambiente.com\/index.php?rest_route=%2Fwp%2Fv2%2Fmedia&parent=899"}],"curies":[{"name":"wp","href":"https:\/\/api.w.org\/{rel}","templated":true}]}}